{"id":1467,"date":"2023-10-18T18:53:00","date_gmt":"2023-10-18T18:53:00","guid":{"rendered":"https:\/\/apikai.eu\/tuote\/mens-classic-tee\/"},"modified":"2025-03-23T21:57:28","modified_gmt":"2025-03-23T21:57:28","slug":"mens-classic-tee","status":"publish","type":"product","link":"https:\/\/apikai.eu\/en\/product\/mens-classic-tee\/","title":{"rendered":"Men&#8217;s classic tee"},"content":{"rendered":"<p>Miesten 100 % puuvillasta valmistettu klassinen t-paita auttaa sinua saamaan kitarantekij\u00e4n ilmeen. Ole mukana ApiKai -perhett\u00e4 koska t\u00e4\u00e4 on ihan &#8221;must&#8221; tuote. Lis\u00e4ksi se on nyt erityisen trendik\u00e4s!<\/p>\n<p>\u2022 100% puuvillaa<br \/>\n\u2022 Sport Grey on 90 % puuvillaa, 10 % polyesteri\u00e4<br \/>\n\u2022 Ash Grey on 99 % puuvillaa, 1 % polyesteri\u00e4<br \/>\n\u2022 Kanneriv\u00e4rit ovat 50 % puuvillaa, 50 % polyesteri\u00e4<br \/>\n\u2022 Kankaan paino: 5,0\u20135,3 unssia\/yd\u00b2 (170\u2013180 g\/m\u00b2)<br \/>\n\u2022 Avop\u00e4\u00e4t\u00e4 lankaa<br \/>\n\u2022 Putkimainen kangas<br \/>\n\u2022 Teipattu niska ja hartiat<br \/>\n\u2022 Kaksinkertainen sauma hihoissa ja helmassa<br \/>\n\u2022 Alkuper\u00e4inen tuote per\u00e4isin Hondurasista, Nicaraguasta, Haitista, Dominikaanisesta tasavallasta, Bangladeshista ja Meksikosta<\/p>\n<p>This product is made especially for you as soon as you place an order, which is why it takes us a bit longer to deliver it to you. Making products on demand instead of in bulk helps reduce overproduction, so thank you for making thoughtful purchasing decisions!<\/p>","protected":false},"excerpt":{"rendered":"<p>Miesten 100 % puuvillasta valmistettu klassinen t-paita auttaa sinua saamaan kitarantekij\u00e4n ilmeen. Ole mukana ApiKai -perhett\u00e4 koska t\u00e4\u00e4 on ihan &#8221;must&#8221; tuote. Lis\u00e4ksi se on nyt erityisen trendik\u00e4s! \u2022 100% puuvillaa \u2022 Sport Grey on 90 % puuvillaa, 10 % polyesteri\u00e4 \u2022 Ash Grey on 99 % puuvillaa, 1 % polyesteri\u00e4 \u2022 Kanneriv\u00e4rit ovat 50 % puuvillaa, 50 % polyesteri\u00e4 \u2022 Kankaan paino: 5,0\u20135,3 unssia\/yd\u00b2 (170\u2013180 g\/m\u00b2) \u2022 Avop\u00e4\u00e4t\u00e4 lankaa \u2022 Putkimainen kangas \u2022 Teipattu niska ja hartiat \u2022 Kaksinkertainen sauma hihoissa ja helmassa \u2022 Alkuper\u00e4inen tuote per\u00e4isin Hondurasista, Nicaraguasta, Haitista, Dominikaanisesta tasavallasta, Bangladeshista ja Meksikosta This product is made especially for you as soon as you place an order, which is why it takes us a bit longer to deliver it to you. Making products on demand instead of in bulk helps reduce overproduction, so thank you for making thoughtful purchasing decisions!<\/p>","protected":false},"featured_media":1494,"comment_status":"open","ping_status":"closed","template":"","meta":{"postBodyCss":"","postBodyMargin":[],"postBodyPadding":[],"postBodyBackground":{"backgroundType":"classic","gradient":""},"site-sidebar-layout":"default","site-content-layout":"","ast-site-content-layout":"default","site-content-style":"default","site-sidebar-style":"default","ast-global-header-display":"","ast-banner-title-visibility":"","ast-main-header-display":"","ast-hfb-above-header-display":"","ast-hfb-below-header-display":"","ast-hfb-mobile-header-display":"","site-post-title":"","ast-breadcrumbs-content":"","ast-featured-img":"","footer-sml-layout":"","ast-disable-related-posts":"","theme-transparent-header-meta":"default","adv-header-id-meta":"","stick-header-meta":"","header-above-stick-meta":"","header-main-stick-meta":"","header-below-stick-meta":"","astra-migrate-meta-layouts":"set","ast-page-background-enabled":"default","ast-page-background-meta":{"desktop":{"background-color":"","background-image":"","background-repeat":"repeat","background-position":"center center","background-size":"auto","background-attachment":"scroll","background-type":"","background-media":"","overlay-type":"","overlay-color":"","overlay-opacity":"","overlay-gradient":""},"tablet":{"background-color":"","background-image":"","background-repeat":"repeat","background-position":"center center","background-size":"auto","background-attachment":"scroll","background-type":"","background-media":"","overlay-type":"","overlay-color":"","overlay-opacity":"","overlay-gradient":""},"mobile":{"background-color":"","background-image":"","background-repeat":"repeat","background-position":"center center","background-size":"auto","background-attachment":"scroll","background-type":"","background-media":"","overlay-type":"","overlay-color":"","overlay-opacity":"","overlay-gradient":""}},"ast-content-background-meta":{"desktop":{"background-color":"var(--ast-global-color-5)","background-image":"","background-repeat":"repeat","background-position":"center center","background-size":"auto","background-attachment":"scroll","background-type":"","background-media":"","overlay-type":"","overlay-color":"","overlay-opacity":"","overlay-gradient":""},"tablet":{"background-color":"var(--ast-global-color-5)","background-image":"","background-repeat":"repeat","background-position":"center center","background-size":"auto","background-attachment":"scroll","background-type":"","background-media":"","overlay-type":"","overlay-color":"","overlay-opacity":"","overlay-gradient":""},"mobile":{"background-color":"var(--ast-global-color-5)","background-image":"","background-repeat":"repeat","background-position":"center center","background-size":"auto","background-attachment":"scroll","background-type":"","background-media":"","overlay-type":"","overlay-color":"","overlay-opacity":"","overlay-gradient":""}}},"product_brand":[],"product_cat":[26,25],"product_tag":[],"class_list":{"0":"post-1467","1":"product","2":"type-product","3":"status-publish","4":"has-post-thumbnail","6":"product_cat-muut-tekstiilit","7":"product_cat-paidat","8":"desktop-align-left","9":"tablet-align-left","10":"mobile-align-left","12":"first","13":"instock","14":"taxable","15":"shipping-taxable","16":"purchasable","17":"product-type-variable"},"yoast_head":"<!-- This site is optimized with the Yoast SEO plugin v27.3 - https:\/\/yoast.com\/product\/yoast-seo-wordpress\/ -->\n<title>Men&#039;s classic tee - APIKAI GUITARS<\/title>\n<meta name=\"robots\" content=\"index, follow, max-snippet:-1, max-image-preview:large, max-video-preview:-1\" \/>\n<link rel=\"canonical\" href=\"https:\/\/apikai.eu\/en\/product\/mens-classic-tee\/\" \/>\n<meta property=\"og:locale\" content=\"en_US\" \/>\n<meta property=\"og:type\" content=\"article\" \/>\n<meta property=\"og:title\" content=\"Men&#039;s classic tee - APIKAI GUITARS\" \/>\n<meta property=\"og:description\" content=\"Miesten 100 % puuvillasta valmistettu klassinen t-paita auttaa sinua saamaan kitarantekij\u00e4n ilmeen. Ole mukana ApiKai -perhett\u00e4 koska t\u00e4\u00e4 on ihan &#8221;must&#8221; tuote. Lis\u00e4ksi se on nyt erityisen trendik\u00e4s! \u2022 100% puuvillaa \u2022 Sport Grey on 90 % puuvillaa, 10 % polyesteri\u00e4 \u2022 Ash Grey on 99 % puuvillaa, 1 % polyesteri\u00e4 \u2022 Kanneriv\u00e4rit ovat 50 % puuvillaa, 50 % polyesteri\u00e4 \u2022 Kankaan paino: 5,0\u20135,3 unssia\/yd\u00b2 (170\u2013180 g\/m\u00b2) \u2022 Avop\u00e4\u00e4t\u00e4 lankaa \u2022 Putkimainen kangas \u2022 Teipattu niska ja hartiat \u2022 Kaksinkertainen sauma hihoissa ja helmassa \u2022 Alkuper\u00e4inen tuote per\u00e4isin Hondurasista, Nicaraguasta, Haitista, Dominikaanisesta tasavallasta, Bangladeshista ja Meksikosta This product is made especially for you as soon as you place an order, which is why it takes us a bit longer to deliver it to you. Making products on demand instead of in bulk helps reduce overproduction, so thank you for making thoughtful purchasing decisions!\" \/>\n<meta property=\"og:url\" content=\"https:\/\/apikai.eu\/en\/product\/mens-classic-tee\/\" \/>\n<meta property=\"og:site_name\" content=\"APIKAI GUITARS\" \/>\n<meta property=\"article:publisher\" content=\"https:\/\/www.facebook.com\/apikaiguitars\" \/>\n<meta property=\"article:modified_time\" content=\"2025-03-23T21:57:28+00:00\" \/>\n<meta property=\"og:image\" content=\"http:\/\/apikai.eu\/wp-content\/uploads\/2023\/10\/mens-classic-tee-navy-front-65301f282c489.jpg\" \/>\n\t<meta property=\"og:image:width\" content=\"2000\" \/>\n\t<meta property=\"og:image:height\" content=\"2000\" \/>\n\t<meta property=\"og:image:type\" content=\"image\/jpeg\" \/>\n<meta name=\"twitter:card\" content=\"summary_large_image\" \/>\n<meta name=\"twitter:label1\" content=\"Est. reading time\" \/>\n\t<meta name=\"twitter:data1\" content=\"1 minute\" \/>\n<script type=\"application\/ld+json\" class=\"yoast-schema-graph\">{\"@context\":\"https:\\\/\\\/schema.org\",\"@graph\":[{\"@type\":\"WebPage\",\"@id\":\"https:\\\/\\\/apikai.eu\\\/tuote\\\/mens-classic-tee\\\/\",\"url\":\"https:\\\/\\\/apikai.eu\\\/tuote\\\/mens-classic-tee\\\/\",\"name\":\"Men's classic tee - APIKAI GUITARS\",\"isPartOf\":{\"@id\":\"https:\\\/\\\/apikai.eu\\\/#website\"},\"primaryImageOfPage\":{\"@id\":\"https:\\\/\\\/apikai.eu\\\/tuote\\\/mens-classic-tee\\\/#primaryimage\"},\"image\":{\"@id\":\"https:\\\/\\\/apikai.eu\\\/tuote\\\/mens-classic-tee\\\/#primaryimage\"},\"thumbnailUrl\":\"https:\\\/\\\/apikai.eu\\\/wp-content\\\/uploads\\\/2023\\\/10\\\/mens-classic-tee-navy-front-65301f282c489.jpg\",\"datePublished\":\"2023-10-18T18:53:00+00:00\",\"dateModified\":\"2025-03-23T21:57:28+00:00\",\"breadcrumb\":{\"@id\":\"https:\\\/\\\/apikai.eu\\\/tuote\\\/mens-classic-tee\\\/#breadcrumb\"},\"inLanguage\":\"en-US\",\"potentialAction\":[{\"@type\":\"ReadAction\",\"target\":[\"https:\\\/\\\/apikai.eu\\\/tuote\\\/mens-classic-tee\\\/\"]}]},{\"@type\":\"ImageObject\",\"inLanguage\":\"en-US\",\"@id\":\"https:\\\/\\\/apikai.eu\\\/tuote\\\/mens-classic-tee\\\/#primaryimage\",\"url\":\"https:\\\/\\\/apikai.eu\\\/wp-content\\\/uploads\\\/2023\\\/10\\\/mens-classic-tee-navy-front-65301f282c489.jpg\",\"contentUrl\":\"https:\\\/\\\/apikai.eu\\\/wp-content\\\/uploads\\\/2023\\\/10\\\/mens-classic-tee-navy-front-65301f282c489.jpg\",\"width\":2000,\"height\":2000},{\"@type\":\"BreadcrumbList\",\"@id\":\"https:\\\/\\\/apikai.eu\\\/tuote\\\/mens-classic-tee\\\/#breadcrumb\",\"itemListElement\":[{\"@type\":\"ListItem\",\"position\":1,\"name\":\"Etusivu\",\"item\":\"https:\\\/\\\/apikai.eu\\\/\"},{\"@type\":\"ListItem\",\"position\":2,\"name\":\"Kauppa\",\"item\":\"https:\\\/\\\/apikai.eu\\\/kauppa\\\/\"},{\"@type\":\"ListItem\",\"position\":3,\"name\":\"Men&#8217;s classic tee\"}]},{\"@type\":\"WebSite\",\"@id\":\"https:\\\/\\\/apikai.eu\\\/#website\",\"url\":\"https:\\\/\\\/apikai.eu\\\/\",\"name\":\"apikai.eu\",\"description\":\"Kustomoidut kitarat ja bassot\",\"publisher\":{\"@id\":\"https:\\\/\\\/apikai.eu\\\/#organization\"},\"potentialAction\":[{\"@type\":\"SearchAction\",\"target\":{\"@type\":\"EntryPoint\",\"urlTemplate\":\"https:\\\/\\\/apikai.eu\\\/?s={search_term_string}\"},\"query-input\":{\"@type\":\"PropertyValueSpecification\",\"valueRequired\":true,\"valueName\":\"search_term_string\"}}],\"inLanguage\":\"en-US\"},{\"@type\":\"Organization\",\"@id\":\"https:\\\/\\\/apikai.eu\\\/#organization\",\"name\":\"ApiKai Guitars\",\"url\":\"https:\\\/\\\/apikai.eu\\\/\",\"logo\":{\"@type\":\"ImageObject\",\"inLanguage\":\"en-US\",\"@id\":\"https:\\\/\\\/apikai.eu\\\/#\\\/schema\\\/logo\\\/image\\\/\",\"url\":\"https:\\\/\\\/apikai.eu\\\/wp-content\\\/uploads\\\/2022\\\/09\\\/cropped-Nayttokuva-2022-9-2-kello-18.47.54.png\",\"contentUrl\":\"https:\\\/\\\/apikai.eu\\\/wp-content\\\/uploads\\\/2022\\\/09\\\/cropped-Nayttokuva-2022-9-2-kello-18.47.54.png\",\"width\":512,\"height\":512,\"caption\":\"ApiKai Guitars\"},\"image\":{\"@id\":\"https:\\\/\\\/apikai.eu\\\/#\\\/schema\\\/logo\\\/image\\\/\"},\"sameAs\":[\"https:\\\/\\\/www.facebook.com\\\/apikaiguitars\",\"https:\\\/\\\/www.instagram.com\\\/apikaiguitars\\\/\"]}]}<\/script>\n<!-- \/ Yoast SEO plugin. -->","yoast_head_json":{"title":"Men's classic tee - APIKAI GUITARS","robots":{"index":"index","follow":"follow","max-snippet":"max-snippet:-1","max-image-preview":"max-image-preview:large","max-video-preview":"max-video-preview:-1"},"canonical":"https:\/\/apikai.eu\/en\/product\/mens-classic-tee\/","og_locale":"en_US","og_type":"article","og_title":"Men's classic tee - APIKAI GUITARS","og_description":"Miesten 100 % puuvillasta valmistettu klassinen t-paita auttaa sinua saamaan kitarantekij\u00e4n ilmeen. Ole mukana ApiKai -perhett\u00e4 koska t\u00e4\u00e4 on ihan &#8221;must&#8221; tuote. Lis\u00e4ksi se on nyt erityisen trendik\u00e4s! \u2022 100% puuvillaa \u2022 Sport Grey on 90 % puuvillaa, 10 % polyesteri\u00e4 \u2022 Ash Grey on 99 % puuvillaa, 1 % polyesteri\u00e4 \u2022 Kanneriv\u00e4rit ovat 50 % puuvillaa, 50 % polyesteri\u00e4 \u2022 Kankaan paino: 5,0\u20135,3 unssia\/yd\u00b2 (170\u2013180 g\/m\u00b2) \u2022 Avop\u00e4\u00e4t\u00e4 lankaa \u2022 Putkimainen kangas \u2022 Teipattu niska ja hartiat \u2022 Kaksinkertainen sauma hihoissa ja helmassa \u2022 Alkuper\u00e4inen tuote per\u00e4isin Hondurasista, Nicaraguasta, Haitista, Dominikaanisesta tasavallasta, Bangladeshista ja Meksikosta This product is made especially for you as soon as you place an order, which is why it takes us a bit longer to deliver it to you. Making products on demand instead of in bulk helps reduce overproduction, so thank you for making thoughtful purchasing decisions!","og_url":"https:\/\/apikai.eu\/en\/product\/mens-classic-tee\/","og_site_name":"APIKAI GUITARS","article_publisher":"https:\/\/www.facebook.com\/apikaiguitars","article_modified_time":"2025-03-23T21:57:28+00:00","og_image":[{"width":2000,"height":2000,"url":"http:\/\/apikai.eu\/wp-content\/uploads\/2023\/10\/mens-classic-tee-navy-front-65301f282c489.jpg","type":"image\/jpeg"}],"twitter_card":"summary_large_image","twitter_misc":{"Est. reading time":"1 minute"},"schema":{"@context":"https:\/\/schema.org","@graph":[{"@type":"WebPage","@id":"https:\/\/apikai.eu\/tuote\/mens-classic-tee\/","url":"https:\/\/apikai.eu\/tuote\/mens-classic-tee\/","name":"Men's classic tee - APIKAI GUITARS","isPartOf":{"@id":"https:\/\/apikai.eu\/#website"},"primaryImageOfPage":{"@id":"https:\/\/apikai.eu\/tuote\/mens-classic-tee\/#primaryimage"},"image":{"@id":"https:\/\/apikai.eu\/tuote\/mens-classic-tee\/#primaryimage"},"thumbnailUrl":"https:\/\/apikai.eu\/wp-content\/uploads\/2023\/10\/mens-classic-tee-navy-front-65301f282c489.jpg","datePublished":"2023-10-18T18:53:00+00:00","dateModified":"2025-03-23T21:57:28+00:00","breadcrumb":{"@id":"https:\/\/apikai.eu\/tuote\/mens-classic-tee\/#breadcrumb"},"inLanguage":"en-US","potentialAction":[{"@type":"ReadAction","target":["https:\/\/apikai.eu\/tuote\/mens-classic-tee\/"]}]},{"@type":"ImageObject","inLanguage":"en-US","@id":"https:\/\/apikai.eu\/tuote\/mens-classic-tee\/#primaryimage","url":"https:\/\/apikai.eu\/wp-content\/uploads\/2023\/10\/mens-classic-tee-navy-front-65301f282c489.jpg","contentUrl":"https:\/\/apikai.eu\/wp-content\/uploads\/2023\/10\/mens-classic-tee-navy-front-65301f282c489.jpg","width":2000,"height":2000},{"@type":"BreadcrumbList","@id":"https:\/\/apikai.eu\/tuote\/mens-classic-tee\/#breadcrumb","itemListElement":[{"@type":"ListItem","position":1,"name":"Etusivu","item":"https:\/\/apikai.eu\/"},{"@type":"ListItem","position":2,"name":"Kauppa","item":"https:\/\/apikai.eu\/kauppa\/"},{"@type":"ListItem","position":3,"name":"Men&#8217;s classic tee"}]},{"@type":"WebSite","@id":"https:\/\/apikai.eu\/#website","url":"https:\/\/apikai.eu\/","name":"apikai.eu","description":"Custom guitars and basses","publisher":{"@id":"https:\/\/apikai.eu\/#organization"},"potentialAction":[{"@type":"SearchAction","target":{"@type":"EntryPoint","urlTemplate":"https:\/\/apikai.eu\/?s={search_term_string}"},"query-input":{"@type":"PropertyValueSpecification","valueRequired":true,"valueName":"search_term_string"}}],"inLanguage":"en-US"},{"@type":"Organization","@id":"https:\/\/apikai.eu\/#organization","name":"ApiKai Guitars","url":"https:\/\/apikai.eu\/","logo":{"@type":"ImageObject","inLanguage":"en-US","@id":"https:\/\/apikai.eu\/#\/schema\/logo\/image\/","url":"https:\/\/apikai.eu\/wp-content\/uploads\/2022\/09\/cropped-Nayttokuva-2022-9-2-kello-18.47.54.png","contentUrl":"https:\/\/apikai.eu\/wp-content\/uploads\/2022\/09\/cropped-Nayttokuva-2022-9-2-kello-18.47.54.png","width":512,"height":512,"caption":"ApiKai Guitars"},"image":{"@id":"https:\/\/apikai.eu\/#\/schema\/logo\/image\/"},"sameAs":["https:\/\/www.facebook.com\/apikaiguitars","https:\/\/www.instagram.com\/apikaiguitars\/"]}]}},"_links":{"self":[{"href":"https:\/\/apikai.eu\/en\/wp-json\/wp\/v2\/product\/1467","targetHints":{"allow":["GET"]}}],"collection":[{"href":"https:\/\/apikai.eu\/en\/wp-json\/wp\/v2\/product"}],"about":[{"href":"https:\/\/apikai.eu\/en\/wp-json\/wp\/v2\/types\/product"}],"replies":[{"embeddable":true,"href":"https:\/\/apikai.eu\/en\/wp-json\/wp\/v2\/comments?post=1467"}],"wp:featuredmedia":[{"embeddable":true,"href":"https:\/\/apikai.eu\/en\/wp-json\/wp\/v2\/media\/1494"}],"wp:attachment":[{"href":"https:\/\/apikai.eu\/en\/wp-json\/wp\/v2\/media?parent=1467"}],"wp:term":[{"taxonomy":"product_brand","embeddable":true,"href":"https:\/\/apikai.eu\/en\/wp-json\/wp\/v2\/product_brand?post=1467"},{"taxonomy":"product_cat","embeddable":true,"href":"https:\/\/apikai.eu\/en\/wp-json\/wp\/v2\/product_cat?post=1467"},{"taxonomy":"product_tag","embeddable":true,"href":"https:\/\/apikai.eu\/en\/wp-json\/wp\/v2\/product_tag?post=1467"}],"curies":[{"name":"wp","href":"https:\/\/api.w.org\/{rel}","templated":true}]}}