{"id":1411,"date":"2023-10-18T17:58:55","date_gmt":"2023-10-18T17:58:55","guid":{"rendered":"https:\/\/apikai.eu\/tuote\/satin-robe-2\/"},"modified":"2025-03-26T17:23:44","modified_gmt":"2025-03-26T17:23:44","slug":"satin-robe-2","status":"publish","type":"product","link":"https:\/\/apikai.eu\/en\/product\/satin-robe-2\/","title":{"rendered":"Satin robe"},"content":{"rendered":"<p>Tee ansaitusta &#8221;minun ajasta&#8221; ylellinen pehme\u00e4ll\u00e4 ja silkkisell\u00e4 satiinivaatteella. Kun k\u00e4yt\u00e4t sit\u00e4, et koskaan halua ottaa sit\u00e4 pois. Ylellisen ulkon\u00e4\u00f6n ja tuntuman ansiosta kaapu on t\u00e4ydellinen lahja polttareisiin, morsiussuihkuihin ja muihin intiimeihin tapahtumiin.<\/p>\n<p>\u2022 Kimonotyyli<br \/>\n\u2022 3\/4-hihat, pituus polven alapuolelle<br \/>\n\u2022 Sivutaskut ja itsekankainen solmittava vy\u00f6<br \/>\n\u2022 95 % polyesterisatiini, 5 % elastaani<br \/>\n\u2022 Tyhj\u00e4 tuote per\u00e4isin Bangladeshista<\/p>","protected":false},"excerpt":{"rendered":"<p>Tee ansaitusta &#8221;minun ajasta&#8221; ylellinen pehme\u00e4ll\u00e4 ja silkkisell\u00e4 satiinivaatteella. Kun k\u00e4yt\u00e4t sit\u00e4, et koskaan halua ottaa sit\u00e4 pois. Ylellisen ulkon\u00e4\u00f6n ja tuntuman ansiosta kaapu on t\u00e4ydellinen lahja polttareisiin, morsiussuihkuihin ja muihin intiimeihin tapahtumiin. \u2022 Kimonotyyli \u2022 3\/4-hihat, pituus polven alapuolelle \u2022 Sivutaskut ja itsekankainen solmittava vy\u00f6 \u2022 95 % polyesterisatiini, 5 % elastaani \u2022 Tyhj\u00e4 tuote per\u00e4isin Bangladeshista<\/p>","protected":false},"featured_media":1420,"comment_status":"open","ping_status":"closed","template":"","meta":{"postBodyCss":"","postBodyMargin":[],"postBodyPadding":[],"postBodyBackground":{"backgroundType":"classic","gradient":""},"site-sidebar-layout":"default","site-content-layout":"","ast-site-content-layout":"default","site-content-style":"default","site-sidebar-style":"default","ast-global-header-display":"","ast-banner-title-visibility":"","ast-main-header-display":"","ast-hfb-above-header-display":"","ast-hfb-below-header-display":"","ast-hfb-mobile-header-display":"","site-post-title":"","ast-breadcrumbs-content":"","ast-featured-img":"","footer-sml-layout":"","ast-disable-related-posts":"","theme-transparent-header-meta":"default","adv-header-id-meta":"","stick-header-meta":"","header-above-stick-meta":"","header-main-stick-meta":"","header-below-stick-meta":"","astra-migrate-meta-layouts":"set","ast-page-background-enabled":"default","ast-page-background-meta":{"desktop":{"background-color":"","background-image":"","background-repeat":"repeat","background-position":"center center","background-size":"auto","background-attachment":"scroll","background-type":"","background-media":"","overlay-type":"","overlay-color":"","overlay-opacity":"","overlay-gradient":""},"tablet":{"background-color":"","background-image":"","background-repeat":"repeat","background-position":"center center","background-size":"auto","background-attachment":"scroll","background-type":"","background-media":"","overlay-type":"","overlay-color":"","overlay-opacity":"","overlay-gradient":""},"mobile":{"background-color":"","background-image":"","background-repeat":"repeat","background-position":"center center","background-size":"auto","background-attachment":"scroll","background-type":"","background-media":"","overlay-type":"","overlay-color":"","overlay-opacity":"","overlay-gradient":""}},"ast-content-background-meta":{"desktop":{"background-color":"var(--ast-global-color-5)","background-image":"","background-repeat":"repeat","background-position":"center center","background-size":"auto","background-attachment":"scroll","background-type":"","background-media":"","overlay-type":"","overlay-color":"","overlay-opacity":"","overlay-gradient":""},"tablet":{"background-color":"var(--ast-global-color-5)","background-image":"","background-repeat":"repeat","background-position":"center center","background-size":"auto","background-attachment":"scroll","background-type":"","background-media":"","overlay-type":"","overlay-color":"","overlay-opacity":"","overlay-gradient":""},"mobile":{"background-color":"var(--ast-global-color-5)","background-image":"","background-repeat":"repeat","background-position":"center center","background-size":"auto","background-attachment":"scroll","background-type":"","background-media":"","overlay-type":"","overlay-color":"","overlay-opacity":"","overlay-gradient":""}}},"product_brand":[],"product_cat":[26,24],"product_tag":[],"class_list":{"0":"post-1411","1":"product","2":"type-product","3":"status-publish","4":"has-post-thumbnail","6":"product_cat-muut-tekstiilit","7":"product_cat-yleinen","8":"desktop-align-left","9":"tablet-align-left","10":"mobile-align-left","12":"first","13":"instock","14":"taxable","15":"shipping-taxable","16":"purchasable","17":"product-type-variable"},"yoast_head":"<!-- This site is optimized with the Yoast SEO plugin v27.3 - https:\/\/yoast.com\/product\/yoast-seo-wordpress\/ -->\n<title>Satin robe - APIKAI GUITARS<\/title>\n<meta name=\"robots\" content=\"index, follow, max-snippet:-1, max-image-preview:large, max-video-preview:-1\" \/>\n<link rel=\"canonical\" href=\"https:\/\/apikai.eu\/en\/product\/satin-robe-2\/\" \/>\n<meta property=\"og:locale\" content=\"en_US\" \/>\n<meta property=\"og:type\" content=\"article\" \/>\n<meta property=\"og:title\" content=\"Satin robe - APIKAI GUITARS\" \/>\n<meta property=\"og:description\" content=\"Tee ansaitusta &#8221;minun ajasta&#8221; ylellinen pehme\u00e4ll\u00e4 ja silkkisell\u00e4 satiinivaatteella. Kun k\u00e4yt\u00e4t sit\u00e4, et koskaan halua ottaa sit\u00e4 pois. Ylellisen ulkon\u00e4\u00f6n ja tuntuman ansiosta kaapu on t\u00e4ydellinen lahja polttareisiin, morsiussuihkuihin ja muihin intiimeihin tapahtumiin. \u2022 Kimonotyyli \u2022 3\/4-hihat, pituus polven alapuolelle \u2022 Sivutaskut ja itsekankainen solmittava vy\u00f6 \u2022 95 % polyesterisatiini, 5 % elastaani \u2022 Tyhj\u00e4 tuote per\u00e4isin Bangladeshista\" \/>\n<meta property=\"og:url\" content=\"https:\/\/apikai.eu\/en\/product\/satin-robe-2\/\" \/>\n<meta property=\"og:site_name\" content=\"APIKAI GUITARS\" \/>\n<meta property=\"article:publisher\" content=\"https:\/\/www.facebook.com\/apikaiguitars\" \/>\n<meta property=\"article:modified_time\" content=\"2025-03-26T17:23:44+00:00\" \/>\n<meta property=\"og:image\" content=\"http:\/\/apikai.eu\/wp-content\/uploads\/2023\/10\/satin-robe-black-front-65301415c1dc3.jpg\" \/>\n\t<meta property=\"og:image:width\" content=\"2000\" \/>\n\t<meta property=\"og:image:height\" content=\"2000\" \/>\n\t<meta property=\"og:image:type\" content=\"image\/jpeg\" \/>\n<meta name=\"twitter:card\" content=\"summary_large_image\" \/>\n<meta name=\"twitter:label1\" content=\"Est. reading time\" \/>\n\t<meta name=\"twitter:data1\" content=\"1 minute\" \/>\n<script type=\"application\/ld+json\" class=\"yoast-schema-graph\">{\"@context\":\"https:\\\/\\\/schema.org\",\"@graph\":[{\"@type\":\"WebPage\",\"@id\":\"https:\\\/\\\/apikai.eu\\\/tuote\\\/satin-robe-2\\\/\",\"url\":\"https:\\\/\\\/apikai.eu\\\/tuote\\\/satin-robe-2\\\/\",\"name\":\"Satin robe - APIKAI GUITARS\",\"isPartOf\":{\"@id\":\"https:\\\/\\\/apikai.eu\\\/#website\"},\"primaryImageOfPage\":{\"@id\":\"https:\\\/\\\/apikai.eu\\\/tuote\\\/satin-robe-2\\\/#primaryimage\"},\"image\":{\"@id\":\"https:\\\/\\\/apikai.eu\\\/tuote\\\/satin-robe-2\\\/#primaryimage\"},\"thumbnailUrl\":\"https:\\\/\\\/apikai.eu\\\/wp-content\\\/uploads\\\/2023\\\/10\\\/satin-robe-black-front-65301415c1dc3.jpg\",\"datePublished\":\"2023-10-18T17:58:55+00:00\",\"dateModified\":\"2025-03-26T17:23:44+00:00\",\"breadcrumb\":{\"@id\":\"https:\\\/\\\/apikai.eu\\\/tuote\\\/satin-robe-2\\\/#breadcrumb\"},\"inLanguage\":\"en-US\",\"potentialAction\":[{\"@type\":\"ReadAction\",\"target\":[\"https:\\\/\\\/apikai.eu\\\/tuote\\\/satin-robe-2\\\/\"]}]},{\"@type\":\"ImageObject\",\"inLanguage\":\"en-US\",\"@id\":\"https:\\\/\\\/apikai.eu\\\/tuote\\\/satin-robe-2\\\/#primaryimage\",\"url\":\"https:\\\/\\\/apikai.eu\\\/wp-content\\\/uploads\\\/2023\\\/10\\\/satin-robe-black-front-65301415c1dc3.jpg\",\"contentUrl\":\"https:\\\/\\\/apikai.eu\\\/wp-content\\\/uploads\\\/2023\\\/10\\\/satin-robe-black-front-65301415c1dc3.jpg\",\"width\":2000,\"height\":2000},{\"@type\":\"BreadcrumbList\",\"@id\":\"https:\\\/\\\/apikai.eu\\\/tuote\\\/satin-robe-2\\\/#breadcrumb\",\"itemListElement\":[{\"@type\":\"ListItem\",\"position\":1,\"name\":\"Etusivu\",\"item\":\"https:\\\/\\\/apikai.eu\\\/\"},{\"@type\":\"ListItem\",\"position\":2,\"name\":\"Kauppa\",\"item\":\"https:\\\/\\\/apikai.eu\\\/kauppa\\\/\"},{\"@type\":\"ListItem\",\"position\":3,\"name\":\"Satin robe\"}]},{\"@type\":\"WebSite\",\"@id\":\"https:\\\/\\\/apikai.eu\\\/#website\",\"url\":\"https:\\\/\\\/apikai.eu\\\/\",\"name\":\"apikai.eu\",\"description\":\"Kustomoidut kitarat ja bassot\",\"publisher\":{\"@id\":\"https:\\\/\\\/apikai.eu\\\/#organization\"},\"potentialAction\":[{\"@type\":\"SearchAction\",\"target\":{\"@type\":\"EntryPoint\",\"urlTemplate\":\"https:\\\/\\\/apikai.eu\\\/?s={search_term_string}\"},\"query-input\":{\"@type\":\"PropertyValueSpecification\",\"valueRequired\":true,\"valueName\":\"search_term_string\"}}],\"inLanguage\":\"en-US\"},{\"@type\":\"Organization\",\"@id\":\"https:\\\/\\\/apikai.eu\\\/#organization\",\"name\":\"ApiKai Guitars\",\"url\":\"https:\\\/\\\/apikai.eu\\\/\",\"logo\":{\"@type\":\"ImageObject\",\"inLanguage\":\"en-US\",\"@id\":\"https:\\\/\\\/apikai.eu\\\/#\\\/schema\\\/logo\\\/image\\\/\",\"url\":\"https:\\\/\\\/apikai.eu\\\/wp-content\\\/uploads\\\/2022\\\/09\\\/cropped-Nayttokuva-2022-9-2-kello-18.47.54.png\",\"contentUrl\":\"https:\\\/\\\/apikai.eu\\\/wp-content\\\/uploads\\\/2022\\\/09\\\/cropped-Nayttokuva-2022-9-2-kello-18.47.54.png\",\"width\":512,\"height\":512,\"caption\":\"ApiKai Guitars\"},\"image\":{\"@id\":\"https:\\\/\\\/apikai.eu\\\/#\\\/schema\\\/logo\\\/image\\\/\"},\"sameAs\":[\"https:\\\/\\\/www.facebook.com\\\/apikaiguitars\",\"https:\\\/\\\/www.instagram.com\\\/apikaiguitars\\\/\"]}]}<\/script>\n<!-- \/ Yoast SEO plugin. -->","yoast_head_json":{"title":"Satin robe - APIKAI GUITARS","robots":{"index":"index","follow":"follow","max-snippet":"max-snippet:-1","max-image-preview":"max-image-preview:large","max-video-preview":"max-video-preview:-1"},"canonical":"https:\/\/apikai.eu\/en\/product\/satin-robe-2\/","og_locale":"en_US","og_type":"article","og_title":"Satin robe - APIKAI GUITARS","og_description":"Tee ansaitusta &#8221;minun ajasta&#8221; ylellinen pehme\u00e4ll\u00e4 ja silkkisell\u00e4 satiinivaatteella. Kun k\u00e4yt\u00e4t sit\u00e4, et koskaan halua ottaa sit\u00e4 pois. Ylellisen ulkon\u00e4\u00f6n ja tuntuman ansiosta kaapu on t\u00e4ydellinen lahja polttareisiin, morsiussuihkuihin ja muihin intiimeihin tapahtumiin. \u2022 Kimonotyyli \u2022 3\/4-hihat, pituus polven alapuolelle \u2022 Sivutaskut ja itsekankainen solmittava vy\u00f6 \u2022 95 % polyesterisatiini, 5 % elastaani \u2022 Tyhj\u00e4 tuote per\u00e4isin Bangladeshista","og_url":"https:\/\/apikai.eu\/en\/product\/satin-robe-2\/","og_site_name":"APIKAI GUITARS","article_publisher":"https:\/\/www.facebook.com\/apikaiguitars","article_modified_time":"2025-03-26T17:23:44+00:00","og_image":[{"width":2000,"height":2000,"url":"http:\/\/apikai.eu\/wp-content\/uploads\/2023\/10\/satin-robe-black-front-65301415c1dc3.jpg","type":"image\/jpeg"}],"twitter_card":"summary_large_image","twitter_misc":{"Est. reading time":"1 minute"},"schema":{"@context":"https:\/\/schema.org","@graph":[{"@type":"WebPage","@id":"https:\/\/apikai.eu\/tuote\/satin-robe-2\/","url":"https:\/\/apikai.eu\/tuote\/satin-robe-2\/","name":"Satin robe - APIKAI GUITARS","isPartOf":{"@id":"https:\/\/apikai.eu\/#website"},"primaryImageOfPage":{"@id":"https:\/\/apikai.eu\/tuote\/satin-robe-2\/#primaryimage"},"image":{"@id":"https:\/\/apikai.eu\/tuote\/satin-robe-2\/#primaryimage"},"thumbnailUrl":"https:\/\/apikai.eu\/wp-content\/uploads\/2023\/10\/satin-robe-black-front-65301415c1dc3.jpg","datePublished":"2023-10-18T17:58:55+00:00","dateModified":"2025-03-26T17:23:44+00:00","breadcrumb":{"@id":"https:\/\/apikai.eu\/tuote\/satin-robe-2\/#breadcrumb"},"inLanguage":"en-US","potentialAction":[{"@type":"ReadAction","target":["https:\/\/apikai.eu\/tuote\/satin-robe-2\/"]}]},{"@type":"ImageObject","inLanguage":"en-US","@id":"https:\/\/apikai.eu\/tuote\/satin-robe-2\/#primaryimage","url":"https:\/\/apikai.eu\/wp-content\/uploads\/2023\/10\/satin-robe-black-front-65301415c1dc3.jpg","contentUrl":"https:\/\/apikai.eu\/wp-content\/uploads\/2023\/10\/satin-robe-black-front-65301415c1dc3.jpg","width":2000,"height":2000},{"@type":"BreadcrumbList","@id":"https:\/\/apikai.eu\/tuote\/satin-robe-2\/#breadcrumb","itemListElement":[{"@type":"ListItem","position":1,"name":"Etusivu","item":"https:\/\/apikai.eu\/"},{"@type":"ListItem","position":2,"name":"Kauppa","item":"https:\/\/apikai.eu\/kauppa\/"},{"@type":"ListItem","position":3,"name":"Satin robe"}]},{"@type":"WebSite","@id":"https:\/\/apikai.eu\/#website","url":"https:\/\/apikai.eu\/","name":"apikai.eu","description":"Custom guitars and basses","publisher":{"@id":"https:\/\/apikai.eu\/#organization"},"potentialAction":[{"@type":"SearchAction","target":{"@type":"EntryPoint","urlTemplate":"https:\/\/apikai.eu\/?s={search_term_string}"},"query-input":{"@type":"PropertyValueSpecification","valueRequired":true,"valueName":"search_term_string"}}],"inLanguage":"en-US"},{"@type":"Organization","@id":"https:\/\/apikai.eu\/#organization","name":"ApiKai Guitars","url":"https:\/\/apikai.eu\/","logo":{"@type":"ImageObject","inLanguage":"en-US","@id":"https:\/\/apikai.eu\/#\/schema\/logo\/image\/","url":"https:\/\/apikai.eu\/wp-content\/uploads\/2022\/09\/cropped-Nayttokuva-2022-9-2-kello-18.47.54.png","contentUrl":"https:\/\/apikai.eu\/wp-content\/uploads\/2022\/09\/cropped-Nayttokuva-2022-9-2-kello-18.47.54.png","width":512,"height":512,"caption":"ApiKai Guitars"},"image":{"@id":"https:\/\/apikai.eu\/#\/schema\/logo\/image\/"},"sameAs":["https:\/\/www.facebook.com\/apikaiguitars","https:\/\/www.instagram.com\/apikaiguitars\/"]}]}},"_links":{"self":[{"href":"https:\/\/apikai.eu\/en\/wp-json\/wp\/v2\/product\/1411","targetHints":{"allow":["GET"]}}],"collection":[{"href":"https:\/\/apikai.eu\/en\/wp-json\/wp\/v2\/product"}],"about":[{"href":"https:\/\/apikai.eu\/en\/wp-json\/wp\/v2\/types\/product"}],"replies":[{"embeddable":true,"href":"https:\/\/apikai.eu\/en\/wp-json\/wp\/v2\/comments?post=1411"}],"wp:featuredmedia":[{"embeddable":true,"href":"https:\/\/apikai.eu\/en\/wp-json\/wp\/v2\/media\/1420"}],"wp:attachment":[{"href":"https:\/\/apikai.eu\/en\/wp-json\/wp\/v2\/media?parent=1411"}],"wp:term":[{"taxonomy":"product_brand","embeddable":true,"href":"https:\/\/apikai.eu\/en\/wp-json\/wp\/v2\/product_brand?post=1411"},{"taxonomy":"product_cat","embeddable":true,"href":"https:\/\/apikai.eu\/en\/wp-json\/wp\/v2\/product_cat?post=1411"},{"taxonomy":"product_tag","embeddable":true,"href":"https:\/\/apikai.eu\/en\/wp-json\/wp\/v2\/product_tag?post=1411"}],"curies":[{"name":"wp","href":"https:\/\/api.w.org\/{rel}","templated":true}]}}