{"id":644,"date":"2022-10-04T22:39:03","date_gmt":"2022-10-04T22:39:03","guid":{"rendered":"https:\/\/apikai.eu\/?page_id=644"},"modified":"2022-10-04T22:51:49","modified_gmt":"2022-10-04T22:51:49","slug":"kaikki-videot","status":"publish","type":"page","link":"https:\/\/apikai.eu\/en\/kaikki-videot\/","title":{"rendered":"Kaikki videot"},"content":{"rendered":"<div data-elementor-type=\"wp-page\" data-elementor-id=\"644\" class=\"elementor elementor-644\">\n\t\t\t\t\t\t<section class=\"elementor-section elementor-top-section elementor-element elementor-element-3767ec43 elementor-section-full_width elementor-section-stretched elementor-section-height-default elementor-section-height-default wpr-particle-no wpr-jarallax-no wpr-parallax-no wpr-sticky-section-no\" data-id=\"3767ec43\" data-element_type=\"section\" data-e-type=\"section\" data-settings=\"{&quot;stretch_section&quot;:&quot;section-stretched&quot;}\">\n\t\t\t\t\t\t<div class=\"elementor-container elementor-column-gap-default\">\n\t\t\t\t\t<div class=\"elementor-column elementor-col-100 elementor-top-column elementor-element elementor-element-6378af30\" data-id=\"6378af30\" data-element_type=\"column\" data-e-type=\"column\">\n\t\t\t<div class=\"elementor-widget-wrap elementor-element-populated\">\n\t\t\t\t\t\t<section class=\"elementor-section elementor-inner-section elementor-element elementor-element-70099737 elementor-section-boxed elementor-section-height-default elementor-section-height-default wpr-particle-no wpr-jarallax-no wpr-parallax-no wpr-sticky-section-no\" data-id=\"70099737\" data-element_type=\"section\" data-e-type=\"section\">\n\t\t\t\t\t\t<div class=\"elementor-container elementor-column-gap-default\">\n\t\t\t\t\t<div class=\"elementor-column elementor-col-50 elementor-inner-column elementor-element elementor-element-58c741a3\" data-id=\"58c741a3\" data-element_type=\"column\" data-e-type=\"column\">\n\t\t\t<div class=\"elementor-widget-wrap elementor-element-populated\">\n\t\t\t\t\t\t<div class=\"elementor-element elementor-element-75612312 elementor-widget elementor-widget-image\" data-id=\"75612312\" data-element_type=\"widget\" data-e-type=\"widget\" data-widget_type=\"image.default\">\n\t\t\t\t<div class=\"elementor-widget-container\">\n\t\t\t\t\t\t\t\t\t\t\t\t\t\t\t\t<a href=\"https:\/\/apikai.eu\/en\/\">\n\t\t\t\t\t\t\t<img decoding=\"async\" width=\"150\" height=\"64\" src=\"https:\/\/apikai.eu\/wp-content\/uploads\/2022\/09\/ApikaiLogo-kopio_head.png\" class=\"attachment-large size-large wp-image-81\" alt=\"\" \/>\t\t\t\t\t\t\t\t<\/a>\n\t\t\t\t\t\t\t\t\t\t\t\t\t\t\t<\/div>\n\t\t\t\t<\/div>\n\t\t\t\t\t<\/div>\n\t\t<\/div>\n\t\t\t\t<div class=\"elementor-column elementor-col-50 elementor-inner-column elementor-element elementor-element-78855af9\" data-id=\"78855af9\" data-element_type=\"column\" data-e-type=\"column\">\n\t\t\t<div class=\"elementor-widget-wrap\">\n\t\t\t\t\t\t\t<\/div>\n\t\t<\/div>\n\t\t\t\t\t<\/div>\n\t\t<\/section>\n\t\t\t\t\t<\/div>\n\t\t<\/div>\n\t\t\t\t\t<\/div>\n\t\t<\/section>\n\t\t\t\t<section class=\"elementor-section elementor-top-section elementor-element elementor-element-33f93ed elementor-section-boxed elementor-section-height-default elementor-section-height-default wpr-particle-no wpr-jarallax-no wpr-parallax-no wpr-sticky-section-no\" data-id=\"33f93ed\" data-element_type=\"section\" data-e-type=\"section\">\n\t\t\t\t\t\t<div class=\"elementor-container elementor-column-gap-default\">\n\t\t\t\t\t<div class=\"elementor-column elementor-col-100 elementor-top-column elementor-element elementor-element-0d0f9a9\" data-id=\"0d0f9a9\" data-element_type=\"column\" data-e-type=\"column\">\n\t\t\t<div class=\"elementor-widget-wrap elementor-element-populated\">\n\t\t\t\t\t\t<div class=\"elementor-element elementor-element-04fef83 elementor-widget elementor-widget-spacer\" data-id=\"04fef83\" data-element_type=\"widget\" data-e-type=\"widget\" data-widget_type=\"spacer.default\">\n\t\t\t\t<div class=\"elementor-widget-container\">\n\t\t\t\t\t\t\t<div class=\"elementor-spacer\">\n\t\t\t<div class=\"elementor-spacer-inner\"><\/div>\n\t\t<\/div>\n\t\t\t\t\t\t<\/div>\n\t\t\t\t<\/div>\n\t\t\t\t<div class=\"elementor-element elementor-element-2afc453 elementor-widget elementor-widget-elementskit-heading\" data-id=\"2afc453\" data-element_type=\"widget\" data-e-type=\"widget\" data-widget_type=\"elementskit-heading.default\">\n\t\t\t\t<div class=\"elementor-widget-container\">\n\t\t\t\t\t<div class=\"ekit-wid-con\" ><div class=\"ekit-heading elementskit-section-title-wraper text_left   ekit_heading_tablet-   ekit_heading_mobile-\"><h2 class=\"ekit-heading--title elementskit-section-title\">Lyhyet ja ytimekk\u00e4\u00e4t   <span><span>Kaitsun p\u00e4iv\u00e4kirja<\/span><\/span><\/h2><div class=\"ekit_heading_separetor_wraper ekit_heading_elementskit-border-divider ekit-dotted\"><div class=\"elementskit-border-divider ekit-dotted\"><\/div><\/div><\/div><\/div>\t\t\t\t<\/div>\n\t\t\t\t<\/div>\n\t\t\t\t<section class=\"elementor-section elementor-inner-section elementor-element elementor-element-2a4c15c elementor-section-boxed elementor-section-height-default elementor-section-height-default wpr-particle-no wpr-jarallax-no wpr-parallax-no wpr-sticky-section-no\" data-id=\"2a4c15c\" data-element_type=\"section\" data-e-type=\"section\">\n\t\t\t\t\t\t<div class=\"elementor-container elementor-column-gap-default\">\n\t\t\t\t\t<div class=\"elementor-column elementor-col-33 elementor-inner-column elementor-element elementor-element-110306b\" data-id=\"110306b\" data-element_type=\"column\" data-e-type=\"column\">\n\t\t\t<div class=\"elementor-widget-wrap elementor-element-populated\">\n\t\t\t\t\t\t<div class=\"elementor-element elementor-element-411228c elementor-widget elementor-widget-video\" data-id=\"411228c\" data-element_type=\"widget\" data-e-type=\"widget\" data-settings=\"{&quot;youtube_url&quot;:&quot;https:\\\/\\\/youtu.be\\\/s4IYNtf7vus&quot;,&quot;video_type&quot;:&quot;youtube&quot;,&quot;controls&quot;:&quot;yes&quot;}\" data-widget_type=\"video.default\">\n\t\t\t\t<div class=\"elementor-widget-container\">\n\t\t\t\t\t\t\t<div class=\"elementor-wrapper elementor-open-inline\">\n\t\t\t<div class=\"elementor-video\"><\/div>\t\t<\/div>\n\t\t\t\t\t\t<\/div>\n\t\t\t\t<\/div>\n\t\t\t\t\t<\/div>\n\t\t<\/div>\n\t\t\t\t<div class=\"elementor-column elementor-col-33 elementor-inner-column elementor-element elementor-element-ae170a3\" data-id=\"ae170a3\" data-element_type=\"column\" data-e-type=\"column\">\n\t\t\t<div class=\"elementor-widget-wrap\">\n\t\t\t\t\t\t\t<\/div>\n\t\t<\/div>\n\t\t\t\t<div class=\"elementor-column elementor-col-33 elementor-inner-column elementor-element elementor-element-61b8303\" data-id=\"61b8303\" data-element_type=\"column\" data-e-type=\"column\">\n\t\t\t<div class=\"elementor-widget-wrap\">\n\t\t\t\t\t\t\t<\/div>\n\t\t<\/div>\n\t\t\t\t\t<\/div>\n\t\t<\/section>\n\t\t\t\t\t<\/div>\n\t\t<\/div>\n\t\t\t\t\t<\/div>\n\t\t<\/section>\n\t\t\t\t<section class=\"elementor-section elementor-top-section elementor-element elementor-element-3095185 elementor-section-boxed elementor-section-height-default elementor-section-height-default wpr-particle-no wpr-jarallax-no wpr-parallax-no wpr-sticky-section-no\" data-id=\"3095185\" data-element_type=\"section\" data-e-type=\"section\">\n\t\t\t\t\t\t<div class=\"elementor-container elementor-column-gap-default\">\n\t\t\t\t\t<div class=\"elementor-column elementor-col-100 elementor-top-column elementor-element elementor-element-92b267f\" data-id=\"92b267f\" data-element_type=\"column\" data-e-type=\"column\">\n\t\t\t<div class=\"elementor-widget-wrap elementor-element-populated\">\n\t\t\t\t\t\t<div class=\"elementor-element elementor-element-e687266 elementor-widget elementor-widget-spacer\" data-id=\"e687266\" data-element_type=\"widget\" data-e-type=\"widget\" data-widget_type=\"spacer.default\">\n\t\t\t\t<div class=\"elementor-widget-container\">\n\t\t\t\t\t\t\t<div class=\"elementor-spacer\">\n\t\t\t<div class=\"elementor-spacer-inner\"><\/div>\n\t\t<\/div>\n\t\t\t\t\t\t<\/div>\n\t\t\t\t<\/div>\n\t\t\t\t<div class=\"elementor-element elementor-element-3d7dbb8 elementor-widget elementor-widget-elementskit-heading\" data-id=\"3d7dbb8\" data-element_type=\"widget\" data-e-type=\"widget\" data-widget_type=\"elementskit-heading.default\">\n\t\t\t\t<div class=\"elementor-widget-container\">\n\t\t\t\t\t<div class=\"ekit-wid-con\" ><div class=\"ekit-heading elementskit-section-title-wraper text_left   ekit_heading_tablet-   ekit_heading_mobile-\"><h2 class=\"ekit-heading--title elementskit-section-title\">Lyhyet ja ytimekk\u00e4\u00e4t   <span><span>Apin erikoiset<\/span><\/span><\/h2><div class=\"ekit_heading_separetor_wraper ekit_heading_elementskit-border-divider ekit-dotted\"><div class=\"elementskit-border-divider ekit-dotted\"><\/div><\/div><\/div><\/div>\t\t\t\t<\/div>\n\t\t\t\t<\/div>\n\t\t\t\t<section class=\"elementor-section elementor-inner-section elementor-element elementor-element-9e224b7 elementor-section-boxed elementor-section-height-default elementor-section-height-default wpr-particle-no wpr-jarallax-no wpr-parallax-no wpr-sticky-section-no\" data-id=\"9e224b7\" data-element_type=\"section\" data-e-type=\"section\">\n\t\t\t\t\t\t<div class=\"elementor-container elementor-column-gap-default\">\n\t\t\t\t\t<div class=\"elementor-column elementor-col-33 elementor-inner-column elementor-element elementor-element-b4d7468\" data-id=\"b4d7468\" data-element_type=\"column\" data-e-type=\"column\">\n\t\t\t<div class=\"elementor-widget-wrap elementor-element-populated\">\n\t\t\t\t\t\t\t<\/div>\n\t\t<\/div>\n\t\t\t\t<div class=\"elementor-column elementor-col-33 elementor-inner-column elementor-element elementor-element-f202e33\" data-id=\"f202e33\" data-element_type=\"column\" data-e-type=\"column\">\n\t\t\t<div class=\"elementor-widget-wrap\">\n\t\t\t\t\t\t\t<\/div>\n\t\t<\/div>\n\t\t\t\t<div class=\"elementor-column elementor-col-33 elementor-inner-column elementor-element elementor-element-58d54ce\" data-id=\"58d54ce\" data-element_type=\"column\" data-e-type=\"column\">\n\t\t\t<div class=\"elementor-widget-wrap\">\n\t\t\t\t\t\t\t<\/div>\n\t\t<\/div>\n\t\t\t\t\t<\/div>\n\t\t<\/section>\n\t\t\t\t\t<\/div>\n\t\t<\/div>\n\t\t\t\t\t<\/div>\n\t\t<\/section>\n\t\t\t\t<\/div>","protected":false},"excerpt":{"rendered":"<p>Etusivu Jaksot Kauppa Ostoskori Kassa Blogi ja uutiset Etusivu Jaksot Kauppa Ostoskori Kassa Blogi ja uutiset Lyhyet ja ytimekk\u00e4\u00e4t Kaitsun p\u00e4iv\u00e4kirja Lyhyet ja ytimekk\u00e4\u00e4t Apin erikoiset<\/p>","protected":false},"author":1,"featured_media":0,"parent":0,"menu_order":0,"comment_status":"closed","ping_status":"closed","template":"elementor_header_footer","meta":{"postBodyCss":"","postBodyMargin":[],"postBodyPadding":[],"postBodyBackground":{"backgroundType":"classic","gradient":""},"site-sidebar-layout":"default","site-content-layout":"","ast-site-content-layout":"default","site-content-style":"default","site-sidebar-style":"default","ast-global-header-display":"","ast-banner-title-visibility":"","ast-main-header-display":"","ast-hfb-above-header-display":"","ast-hfb-below-header-display":"","ast-hfb-mobile-header-display":"","site-post-title":"","ast-breadcrumbs-content":"","ast-featured-img":"","footer-sml-layout":"","ast-disable-related-posts":"","theme-transparent-header-meta":"","adv-header-id-meta":"","stick-header-meta":"","header-above-stick-meta":"","header-main-stick-meta":"","header-below-stick-meta":"","astra-migrate-meta-layouts":"default","ast-page-background-enabled":"default","ast-page-background-meta":{"desktop":{"background-color":"","background-image":"","background-repeat":"repeat","background-position":"center center","background-size":"auto","background-attachment":"scroll","background-type":"","background-media":"","overlay-type":"","overlay-color":"","overlay-opacity":"","overlay-gradient":""},"tablet":{"background-color":"","background-image":"","background-repeat":"repeat","background-position":"center center","background-size":"auto","background-attachment":"scroll","background-type":"","background-media":"","overlay-type":"","overlay-color":"","overlay-opacity":"","overlay-gradient":""},"mobile":{"background-color":"","background-image":"","background-repeat":"repeat","background-position":"center center","background-size":"auto","background-attachment":"scroll","background-type":"","background-media":"","overlay-type":"","overlay-color":"","overlay-opacity":"","overlay-gradient":""}},"ast-content-background-meta":{"desktop":{"background-color":"var(--ast-global-color-5)","background-image":"","background-repeat":"repeat","background-position":"center center","background-size":"auto","background-attachment":"scroll","background-type":"","background-media":"","overlay-type":"","overlay-color":"","overlay-opacity":"","overlay-gradient":""},"tablet":{"background-color":"var(--ast-global-color-5)","background-image":"","background-repeat":"repeat","background-position":"center center","background-size":"auto","background-attachment":"scroll","background-type":"","background-media":"","overlay-type":"","overlay-color":"","overlay-opacity":"","overlay-gradient":""},"mobile":{"background-color":"var(--ast-global-color-5)","background-image":"","background-repeat":"repeat","background-position":"center center","background-size":"auto","background-attachment":"scroll","background-type":"","background-media":"","overlay-type":"","overlay-color":"","overlay-opacity":"","overlay-gradient":""}},"footnotes":""},"class_list":["post-644","page","type-page","status-publish","hentry"],"yoast_head":"<!-- This site is optimized with the Yoast SEO plugin v27.3 - https:\/\/yoast.com\/product\/yoast-seo-wordpress\/ -->\n<title>Kaikki videot - APIKAI GUITARS<\/title>\n<meta name=\"robots\" content=\"index, follow, max-snippet:-1, max-image-preview:large, max-video-preview:-1\" \/>\n<link rel=\"canonical\" href=\"https:\/\/apikai.eu\/en\/kaikki-videot\/\" \/>\n<meta property=\"og:locale\" content=\"en_US\" \/>\n<meta property=\"og:type\" content=\"article\" \/>\n<meta property=\"og:title\" content=\"Kaikki videot - APIKAI GUITARS\" \/>\n<meta property=\"og:description\" content=\"Etusivu Jaksot Kauppa Ostoskori Kassa Blogi ja uutiset Etusivu Jaksot Kauppa Ostoskori Kassa Blogi ja uutiset Lyhyet ja ytimekk\u00e4\u00e4t Kaitsun p\u00e4iv\u00e4kirja Lyhyet ja ytimekk\u00e4\u00e4t Apin erikoiset\" \/>\n<meta property=\"og:url\" content=\"https:\/\/apikai.eu\/en\/kaikki-videot\/\" \/>\n<meta property=\"og:site_name\" content=\"APIKAI GUITARS\" \/>\n<meta property=\"article:publisher\" content=\"https:\/\/www.facebook.com\/apikaiguitars\" \/>\n<meta property=\"article:modified_time\" content=\"2022-10-04T22:51:49+00:00\" \/>\n<meta property=\"og:image\" content=\"http:\/\/apikai.eu\/wp-content\/uploads\/2022\/09\/ApikaiLogo-kopio_head.png\" \/>\n<meta name=\"twitter:card\" content=\"summary_large_image\" \/>\n<script type=\"application\/ld+json\" class=\"yoast-schema-graph\">{\"@context\":\"https:\\\/\\\/schema.org\",\"@graph\":[{\"@type\":\"WebPage\",\"@id\":\"https:\\\/\\\/apikai.eu\\\/kaikki-videot\\\/\",\"url\":\"https:\\\/\\\/apikai.eu\\\/kaikki-videot\\\/\",\"name\":\"Kaikki videot - APIKAI GUITARS\",\"isPartOf\":{\"@id\":\"https:\\\/\\\/apikai.eu\\\/#website\"},\"primaryImageOfPage\":{\"@id\":\"https:\\\/\\\/apikai.eu\\\/kaikki-videot\\\/#primaryimage\"},\"image\":{\"@id\":\"https:\\\/\\\/apikai.eu\\\/kaikki-videot\\\/#primaryimage\"},\"thumbnailUrl\":\"http:\\\/\\\/apikai.eu\\\/wp-content\\\/uploads\\\/2022\\\/09\\\/ApikaiLogo-kopio_head.png\",\"datePublished\":\"2022-10-04T22:39:03+00:00\",\"dateModified\":\"2022-10-04T22:51:49+00:00\",\"breadcrumb\":{\"@id\":\"https:\\\/\\\/apikai.eu\\\/kaikki-videot\\\/#breadcrumb\"},\"inLanguage\":\"en-US\",\"potentialAction\":[{\"@type\":\"ReadAction\",\"target\":[\"https:\\\/\\\/apikai.eu\\\/kaikki-videot\\\/\"]}]},{\"@type\":\"ImageObject\",\"inLanguage\":\"en-US\",\"@id\":\"https:\\\/\\\/apikai.eu\\\/kaikki-videot\\\/#primaryimage\",\"url\":\"http:\\\/\\\/apikai.eu\\\/wp-content\\\/uploads\\\/2022\\\/09\\\/ApikaiLogo-kopio_head.png\",\"contentUrl\":\"http:\\\/\\\/apikai.eu\\\/wp-content\\\/uploads\\\/2022\\\/09\\\/ApikaiLogo-kopio_head.png\"},{\"@type\":\"BreadcrumbList\",\"@id\":\"https:\\\/\\\/apikai.eu\\\/kaikki-videot\\\/#breadcrumb\",\"itemListElement\":[{\"@type\":\"ListItem\",\"position\":1,\"name\":\"Etusivu\",\"item\":\"https:\\\/\\\/apikai.eu\\\/\"},{\"@type\":\"ListItem\",\"position\":2,\"name\":\"Kaikki videot\"}]},{\"@type\":\"WebSite\",\"@id\":\"https:\\\/\\\/apikai.eu\\\/#website\",\"url\":\"https:\\\/\\\/apikai.eu\\\/\",\"name\":\"apikai.eu\",\"description\":\"Kustomoidut kitarat ja bassot\",\"publisher\":{\"@id\":\"https:\\\/\\\/apikai.eu\\\/#organization\"},\"potentialAction\":[{\"@type\":\"SearchAction\",\"target\":{\"@type\":\"EntryPoint\",\"urlTemplate\":\"https:\\\/\\\/apikai.eu\\\/?s={search_term_string}\"},\"query-input\":{\"@type\":\"PropertyValueSpecification\",\"valueRequired\":true,\"valueName\":\"search_term_string\"}}],\"inLanguage\":\"en-US\"},{\"@type\":\"Organization\",\"@id\":\"https:\\\/\\\/apikai.eu\\\/#organization\",\"name\":\"ApiKai Guitars\",\"url\":\"https:\\\/\\\/apikai.eu\\\/\",\"logo\":{\"@type\":\"ImageObject\",\"inLanguage\":\"en-US\",\"@id\":\"https:\\\/\\\/apikai.eu\\\/#\\\/schema\\\/logo\\\/image\\\/\",\"url\":\"https:\\\/\\\/apikai.eu\\\/wp-content\\\/uploads\\\/2022\\\/09\\\/cropped-Nayttokuva-2022-9-2-kello-18.47.54.png\",\"contentUrl\":\"https:\\\/\\\/apikai.eu\\\/wp-content\\\/uploads\\\/2022\\\/09\\\/cropped-Nayttokuva-2022-9-2-kello-18.47.54.png\",\"width\":512,\"height\":512,\"caption\":\"ApiKai Guitars\"},\"image\":{\"@id\":\"https:\\\/\\\/apikai.eu\\\/#\\\/schema\\\/logo\\\/image\\\/\"},\"sameAs\":[\"https:\\\/\\\/www.facebook.com\\\/apikaiguitars\",\"https:\\\/\\\/www.instagram.com\\\/apikaiguitars\\\/\"]}]}<\/script>\n<!-- \/ Yoast SEO plugin. -->","yoast_head_json":{"title":"Kaikki videot - APIKAI GUITARS","robots":{"index":"index","follow":"follow","max-snippet":"max-snippet:-1","max-image-preview":"max-image-preview:large","max-video-preview":"max-video-preview:-1"},"canonical":"https:\/\/apikai.eu\/en\/kaikki-videot\/","og_locale":"en_US","og_type":"article","og_title":"Kaikki videot - APIKAI GUITARS","og_description":"Etusivu Jaksot Kauppa Ostoskori Kassa Blogi ja uutiset Etusivu Jaksot Kauppa Ostoskori Kassa Blogi ja uutiset Lyhyet ja ytimekk\u00e4\u00e4t Kaitsun p\u00e4iv\u00e4kirja Lyhyet ja ytimekk\u00e4\u00e4t Apin erikoiset","og_url":"https:\/\/apikai.eu\/en\/kaikki-videot\/","og_site_name":"APIKAI GUITARS","article_publisher":"https:\/\/www.facebook.com\/apikaiguitars","article_modified_time":"2022-10-04T22:51:49+00:00","og_image":[{"url":"http:\/\/apikai.eu\/wp-content\/uploads\/2022\/09\/ApikaiLogo-kopio_head.png","type":"","width":"","height":""}],"twitter_card":"summary_large_image","schema":{"@context":"https:\/\/schema.org","@graph":[{"@type":"WebPage","@id":"https:\/\/apikai.eu\/kaikki-videot\/","url":"https:\/\/apikai.eu\/kaikki-videot\/","name":"Kaikki videot - APIKAI GUITARS","isPartOf":{"@id":"https:\/\/apikai.eu\/#website"},"primaryImageOfPage":{"@id":"https:\/\/apikai.eu\/kaikki-videot\/#primaryimage"},"image":{"@id":"https:\/\/apikai.eu\/kaikki-videot\/#primaryimage"},"thumbnailUrl":"http:\/\/apikai.eu\/wp-content\/uploads\/2022\/09\/ApikaiLogo-kopio_head.png","datePublished":"2022-10-04T22:39:03+00:00","dateModified":"2022-10-04T22:51:49+00:00","breadcrumb":{"@id":"https:\/\/apikai.eu\/kaikki-videot\/#breadcrumb"},"inLanguage":"en-US","potentialAction":[{"@type":"ReadAction","target":["https:\/\/apikai.eu\/kaikki-videot\/"]}]},{"@type":"ImageObject","inLanguage":"en-US","@id":"https:\/\/apikai.eu\/kaikki-videot\/#primaryimage","url":"http:\/\/apikai.eu\/wp-content\/uploads\/2022\/09\/ApikaiLogo-kopio_head.png","contentUrl":"http:\/\/apikai.eu\/wp-content\/uploads\/2022\/09\/ApikaiLogo-kopio_head.png"},{"@type":"BreadcrumbList","@id":"https:\/\/apikai.eu\/kaikki-videot\/#breadcrumb","itemListElement":[{"@type":"ListItem","position":1,"name":"Etusivu","item":"https:\/\/apikai.eu\/"},{"@type":"ListItem","position":2,"name":"Kaikki videot"}]},{"@type":"WebSite","@id":"https:\/\/apikai.eu\/#website","url":"https:\/\/apikai.eu\/","name":"apikai.eu","description":"Custom guitars and basses","publisher":{"@id":"https:\/\/apikai.eu\/#organization"},"potentialAction":[{"@type":"SearchAction","target":{"@type":"EntryPoint","urlTemplate":"https:\/\/apikai.eu\/?s={search_term_string}"},"query-input":{"@type":"PropertyValueSpecification","valueRequired":true,"valueName":"search_term_string"}}],"inLanguage":"en-US"},{"@type":"Organization","@id":"https:\/\/apikai.eu\/#organization","name":"ApiKai Guitars","url":"https:\/\/apikai.eu\/","logo":{"@type":"ImageObject","inLanguage":"en-US","@id":"https:\/\/apikai.eu\/#\/schema\/logo\/image\/","url":"https:\/\/apikai.eu\/wp-content\/uploads\/2022\/09\/cropped-Nayttokuva-2022-9-2-kello-18.47.54.png","contentUrl":"https:\/\/apikai.eu\/wp-content\/uploads\/2022\/09\/cropped-Nayttokuva-2022-9-2-kello-18.47.54.png","width":512,"height":512,"caption":"ApiKai Guitars"},"image":{"@id":"https:\/\/apikai.eu\/#\/schema\/logo\/image\/"},"sameAs":["https:\/\/www.facebook.com\/apikaiguitars","https:\/\/www.instagram.com\/apikaiguitars\/"]}]}},"_links":{"self":[{"href":"https:\/\/apikai.eu\/en\/wp-json\/wp\/v2\/pages\/644","targetHints":{"allow":["GET"]}}],"collection":[{"href":"https:\/\/apikai.eu\/en\/wp-json\/wp\/v2\/pages"}],"about":[{"href":"https:\/\/apikai.eu\/en\/wp-json\/wp\/v2\/types\/page"}],"author":[{"embeddable":true,"href":"https:\/\/apikai.eu\/en\/wp-json\/wp\/v2\/users\/1"}],"replies":[{"embeddable":true,"href":"https:\/\/apikai.eu\/en\/wp-json\/wp\/v2\/comments?post=644"}],"version-history":[{"count":5,"href":"https:\/\/apikai.eu\/en\/wp-json\/wp\/v2\/pages\/644\/revisions"}],"predecessor-version":[{"id":658,"href":"https:\/\/apikai.eu\/en\/wp-json\/wp\/v2\/pages\/644\/revisions\/658"}],"wp:attachment":[{"href":"https:\/\/apikai.eu\/en\/wp-json\/wp\/v2\/media?parent=644"}],"curies":[{"name":"wp","href":"https:\/\/api.w.org\/{rel}","templated":true}]}}